{"id":145,"date":"2016-05-03T10:59:51","date_gmt":"2016-05-03T08:59:51","guid":{"rendered":"http:\/\/flyhirzer.com\/it\/?page_id=145"},"modified":"2016-12-02T00:52:21","modified_gmt":"2016-12-01T23:52:21","slug":"codice-della-privacy","status":"publish","type":"page","link":"https:\/\/flyhirzer.com\/it\/codice-della-privacy\/","title":{"rendered":"codice della privacy"},"content":{"rendered":"<p><strong>Codice della Privacy<\/strong><\/p>\n<p>Informativa resa ai sensi del Dlgs del 30.06.2003 &#8220;Codice della Privacy&#8221;<\/p>\n<p>Ai sensi dell&#8217;art. 13 (Informativa), Dlgs 30 giugno 2003 nr. 196, informiamo che la nostra ditta FlyHirzer \u2013 Oswald Gilg, tratta dati personali di clienti e fornitori e di soggetti che comunicano volontariamente (via telefono, fax o e-mail) i loro dati anagrafici al nostro ufficio commerciale o alla direzione aziendale.<\/p>\n<p>Nell&#8217;ambito delle disposizioni di legge, la nostra ditta garantisce che il trattamento dei dati personali si svolge nel pieno rispetto dei diritti e delle libert\u00e0 fondamentali, nonch\u00e9 della dignit\u00e0 dell&#8217;interessato, con particolare riferimento alla riservatezza, all&#8217;identit\u00e0 personale e al diritto alla protezione dei dati personali.<\/p>\n<p>Finalit\u00e0 del trattamento dei dati personali:<\/p>\n<p>Adempiere agli obblighi di legge, ai regolamenti, alle normative comunitarie, alle norme civili e fiscali<\/p>\n<p>Adempiere agli eventuali obblighi contrattuali nei confronti dell&#8217;interessato<\/p>\n<p>Adempiere ad attivit\u00e0 connesse all&#8217;attivit\u00e0 economica della nostra ditta, quali la compilazione di anagrafiche e statistiche interne, la fatturazione e la tenuta della contabilit\u00e0 clienti-fornitori<\/p>\n<p>Finalit\u00e0 di tipo commerciale, come l&#8217;invio di informazioni commerciali e materiale pubblicitario (tramite posta, fax ed e-mail), attivit\u00e0 di marketing e ricerche di mercato<\/p>\n<p>La tutela dei crediti e la gestione dei debiti<\/p>\n<p>Adempiere all&#8217;obbligo di notifica presso il comune, gli enti pubblici e le autorit\u00e0 pubbliche delle persone alloggiate presso la nostra struttura.<\/p>\n<p>In riferimento alle finalit\u00e0 di cui sopra, i Suoi dati personali saranno comunicati, se necessario:<\/p>\n<p>Alle Pubbliche Amministrazioni e Autorit\u00e0, ove previsto dalla legge<\/p>\n<p>A istituti di credito con i quali la ns. ditta ha rapporti per la gestione dei crediti\/debiti<\/p>\n<p>A tutte quelle persone fisiche e\/o giuridiche, pubbliche e\/o private (studi di consulenza legale, amministrativa e fiscale, uffici giudiziari, Camere di commercio ecc.), qualora la trasmissione dei dati risulti necessaria o funzionale allo svolgimento della nostra attivit\u00e0, nei modi e per le finalit\u00e0 sopra elencate.<\/p>\n<p>I dati personali trattati dalla nostra ditta non sono soggetti a diffusione a terzi.<\/p>\n<p>Il trattamento potr\u00e0 effettuarsi con o senza l&#8217;ausilio di mezzi elettronici e, comunque, automatizzati e comprender\u00e0 tutte le operazioni previste all&#8217;art. 4 comma 1, lettera a, Dlgs 30 giugno 2003 nr. 196 e necessarie al trattamento in questione (qualunque operazione o complesso di operazioni concernenti la raccolta, la registrazione, l&#8217;organizzazione, la conservazione, l&#8217;elaborazione, la modifica, la selezione, l&#8217;estrazione, il raffronto, l&#8217;utilizzo, l&#8217;interconnessione, il blocco, la comunicazione, la diffusione, la cancellazione e la distruzione dei dati). In ogni caso il trattamento sar\u00e0 effettuato nell&#8217;osservanza di ogni misura precauzionale, che ne garantir\u00e0 la sicurezza e la riservatezza.<\/p>\n<p>Il Codice della Privacy assicura agli interessati l&#8217;esercizio di diritti specifici di cui all&#8217;art. 7. In particolare, la persona interessata ha il diritto di sapere quali dati personali sono in possesso del titolare e di avere accesso a essi in forma intelligibile. L&#8217;interessato pu\u00f2 altres\u00ec chiedere di conoscere l&#8217;origine dei dati, le finalit\u00e0 e le modalit\u00e0 del loro trattamento nonch\u00e9 la logica applicata in caso di trattamento effettuato con l&#8217;ausilio di strumenti elettronici. Pu\u00f2 altres\u00ec richiedere informazioni sugli estremi identificativi del titolare, dei responsabili nominati e dei soggetti e categorie di soggetti ai quali i dati possono essere comunicati o che possono accedere a essi. L&#8217;interessato ha il diritto di aggiornare, rettificare, integrare, cancellare, bloccare o rendere anonimi i propri dati qualora il loro trattamento non avvenga secondo le disposizioni previste dalla legge. Pu\u00f2 inoltre opporsi, in tutto o in parte e per motivi legittimi, al trattamento dei propri dati personali, allorch\u00e9 questi siano utilizzati per finalit\u00e0 commerciali, per l&#8217;invio di materiale pubblicitario, per la vendita diretta, per ricerche di mercato o sondaggi d&#8217;opinione.<\/p>\n<p>I diritti in oggetto possono essere esercitati dall&#8217;interessato o da una persona da esso\/a incaricata, mediante richiesta scritta indirizzata al responsabile nominato FlyHirzer &#8211; Oswald Gilg per mezzo lettera raccomandata o e-mail all&#8217;indirizzo:<\/p>\n<p>Il titolare del trattamento dei dati in oggetto \u00e8:<br \/>\nFly Hirzer<br \/>\nOswald Gilg<br \/>\nObertall 24\/b<br \/>\nI-39017 Schenna \u2013 S\u00fcdtirol \u2013 Italien<\/p>\n<p>info(at)flyhirzer.com<\/p>\n<p>&#8212;&#8212;&#8212;&#8212;&#8212;&#8212;&#8212;&#8212;&#8211;<\/p>\n<p><strong>Cookies<\/strong><\/p>\n<p>per poterLe permettere di visualizzare ed utilizzare correttamente il nostro sito internet e per poter noi essere in grado di presentarLe il sito in maniera ideale e poterlo analizzare in maniera corretta, facciamo uso di cookies, cos\u00ec come molti altri siti internet aziendali. I cookies sono utili a chi visita il sito internet. I cookies non arrecano danni al dispositivo elettronico (computer, tablet o smartphone) con il quale accede al sito e non contengono virus.<\/p>\n<p>Attraverso un\u2019eventuale disattivazione dei cookies \u00e8 possibile che alcune parti del nostro sito non vengano visualizzate o non funzionino correttamente.<\/p>\n<p>Consenso all\u2019utilizzo di cookies:<br \/>\nContinuando a navigare su questo sito, autorizza all\u2019utilizzo dei cookies.<\/p>\n<p>Per sapere che cosa sono i cookies, quali cookies utilizziamo e perch\u00e9 e come pu\u00f2 bloccare o eliminare i cookies se lo desidera, La invitiamo a leggere le informazioni a seguire.<\/p>\n<p><strong>1. CHE COSA SONO I COOKIES?<\/strong><\/p>\n<p>I cookies svolgono diverse funzioni utili; cos\u00ec ad esempio alcuni cookies sono essenziali per un corretto funzionamento di alcune pagine. Altri consentono una prestazione pi\u00f9 efficiente e confortevole del sito (ad esempio attraverso il riconoscimento automatico della lingua, del dispositivo elettronico e della risoluzione del display con cui si accede al sito). I cookies analitici forniscono informazioni su come viene utilizzato il sito. I cookies di parti terze vengono generati dall\u2019utilizzo di plugin di organizzazioni esterne, come ad esempio i plugin sociali (Facebook, Google+) o di altri servizi di Google &amp; Co.<\/p>\n<p>Un cookie \u00e8 un piccolo file di testo, che viene salvato dal Suo browser sul dispositivo elettronico (pc, tablet, smartphone) con il quale accede al sito nel momento in cui lo sta visitando. Questi file di testo, chiamati appunto cookies, registrano delle informazioni specifiche alla loro funzione che vengono interpretate dal sito per svolgere determinate funzioni mentre lo sta visitando o quando lo visiter\u00e0 nuovamente.<\/p>\n<p>In base alla loro funzione i cookies vengono suddivisi principalmente in<\/p>\n<p>Cookies tecnici e analitici:<\/p>\n<p>Il Garante della Privacy indica fra i cookies tecnici, che non hanno bisogno di un consenso esplicito dei visitatori, i seguenti tipi di cookies:<\/p>\n<p>Cookies di navigazione:<br \/>\nsi tratta di cookies strettamente necessari che permettono al visitatore di visualizzare e navigare la pagina correttamente cos\u00ec come di accedere ad aree ristrette a registrazione o protette (aree soggette a login e identificazione, aree protette per l\u2019acquisto di un prodotto su uno shop online).<\/p>\n<p>Cookies funzionali:<br \/>\nsi tratta di cookies che permettono ad un sito internet di svolgere funzioni che migliorano le prestazioni di un sito e rendono l\u2019utilizzo dello stesso pi\u00f9 confortevole per il visitatore.<\/p>\n<p>Cookies analitici:<br \/>\nsi tratta di cookies che permettono di rilevare dati statistici sulle visite del sito raccogliendo dati anonimi sul numero delle visite e il comportamento dei visitatori sul sito. Questi cookies non consentono l\u2019identificazione dell\u2019identit\u00e0 dell\u2019utente e non vengono utilizzati a tal fine. I dati raccolti sono in forma anonima.<\/p>\n<p>Cookies di parti terze (third party cookies)<\/p>\n<p>Questo tipo di cookies viene messo a disposizione da servizi e funzioni di \u201cparti terze\u201d (ad esempio altri siti internet o organizzazioni); i cookies di parti terze vengono generati ad esempio dall\u2019utilizzo dei plugin sociali dei social network Facebook, Google+, Twitter, o di servizi quali Google Analytics, Google Maps, You Tube etc., che sono integrati su un sito internet. Questi third party cookies vengono generati dai plugin o da altre tecnologie di queste organizzazioni, di cui un determinato sito internet fa uso. Non potendo influenzare i cookies e le impostazioni sulla privacy di questi servizi o organizzazioni, La informiamo che i servizi di parti terze di cui facciamo uso sul nostro sito sono soggetti alle norme in materia di cookies e protezione dei dati personali delle suddette organizzazioni.<\/p>\n<p>Per informazioni in materia di cookies dei servizi forniti da parti terze La preghiamo di consultare i seguenti link:<\/p>\n<p>Youtube, Google Analytics, Google Maps, Google Plus<br \/>\n<a href=\"http:\/\/www.google.com\/intl\/it\/policies\/technologies\/cookies\/\">www.google.com\/intl\/it\/policies\/technologies\/cookies\/<\/a><\/p>\n<p>Facebook<br \/>\n<a href=\"https:\/\/www.facebook.com\/help\/cookies\/\">https:\/\/www.facebook.com\/help\/cookies\/<\/a><\/p>\n<p>Cookies di profilazione \/ Utilizzo di cookies di Adwords Remarketing (per pubblicit\u00e0 comportamentale):<\/p>\n<p>Questo tipo di cookies consente ad un gestore di un sito internet di poter mostrare pubblicit\u00e0 mirata agli utenti che hanno visitato il proprio sito in base ai loro interessi attraverso la rete pubblicitaria di Google o su altri siti pubblicitari. La pubblicit\u00e0 mostrata si basa sulle pagine web visitate in precedenza dall\u2019utente e viene mostrata in seguito su altri siti internet che consentono la visualizzazione di campagne di Remarketing. Le campagne di Remarketing possono essere realizzate tramite servizi offerti da parti terze (come ad esempio lo strumento Google Adwords Remarketing). Le campagne di Remarketing generano cosiddetti cookies di profilazione.<\/p>\n<p>I cookies di profilazione vengono salvati per un periodo pi\u00f9 lungo rispetto ad altri cookies.<\/p>\n<p>Per poter negare in maniera permanente l\u2019utilizzo di cookies per il remarketing, pu\u00f2 disattivare la pubblicit\u00e0 mirata tramite Google al seguente link:<\/p>\n<p><a href=\"https:\/\/www.google.com\/settings\/ads\/onweb\/\">https:\/\/www.google.com\/settings\/ads\/onweb\/<\/a><\/p>\n<p>Per ulteriori interessanti informazioni sul tema:<br \/>\n\u2022 Che cos\u2019\u00e8 la pubblicit\u00e0 comportamentale?<br \/>\n\u2022 Come funziona la pubblicit\u00e0 comportamentale su internet?<br \/>\n\u2022 Come vengono protetti i miei dati personali?<\/p>\n<p>pu\u00f2 consultare la pagina ufficiale dell\u2018 European Interactive Digital Advertising Alliance: <a href=\"http:\/\/www.youronlinechoices.eu\/it\/\">www.youronlinechoices.eu\/it\/<\/a><\/p>\n<p>Per altre informazioni e dettagli sui diversi tipi di cookies e la loro funzione consulti il sito <a href=\"http:\/\/www.AllAboutCookies.org\">www.AllAboutCookies.org<\/a><\/p>\n<p><strong>2. CHE TIPO DI COOKIES UTLIZZIAMO?<\/strong><\/p>\n<p>Sul nostro sito utilizziamo:<\/p>\n<p>Cookies tecnici<\/p>\n<p>Necessari per poter visualizzare correttamente la pagina, utilizzarne le funzioni ed accedere ad aree protette.<br \/>\nPer visualizzare tutti i cookies attivi sul nostro sito, vada qui: www.cookie-checker.com<\/p>\n<p>L\u2019attuale normativa in vigore in Italia non obbliga sempre al consenso esplicito sull\u2019utilizzo di cookies. In particolare per l\u2019utilizzo di cookies tecnici non \u00e8 richiesto il consenso esplicito dei visitatori della pagina in quanto il Garante riconosce che tali cookies sono necessari per poter visualizzare correttamente una pagina web e permetter ad un utente di svolgere determinate attivit\u00e0 su un sito.<\/p>\n<p>Cookies analitici<\/p>\n<p>Fra i cookies tecnici il Garante indica anche i cookies analitici che raccolgono dati statistici sulle visite e l\u2019utilizzo del sito in forma anonima. I cookies analitici ci aiutano a migliorare il nostro sito individuando quali pagine e quali funzioni vengono usate di pi\u00f9.<\/p>\n<p>Per le statistiche e le analisi del nostro sito utilizziamo \u201cGoogle Analytics\u201d, lo strumento di analisi messo a disposizione da Google Inc.<br \/>\nGoogle Analytics utilizza determinati cookies per rilevare i dati e fornire un\u2019analisi dell\u2019utilizzo del sito senza rilevare tuttavia informazioni personali che possano rendere la Sua identit\u00e0 identificabile. I dati vengono raccolti in forma anonima e non possono condurre alla Sua persona ma vengono utilizzati esclusivamente per fornire un\u2019analisi statistica generale sull\u2019utilizzo del sito. Google utilizza queste informazioni per analizzare l\u2019utilizzo che viene fatto del sito, per elaborare rapporti sulle attivit\u00e0 che gli utenti svolgono sul sito e per fornire altri servizi sull\u2019utilizzo del sito e di internet al gestore del sito direttamente correlati a questi dati. L\u2019indirizzo IP del Suo dispositivo fornito a Google Analytics da Suo browser non confluir\u00e0 con altri dati raccolti da Google.<\/p>\n<p>Il cookie pi\u00f9 importante utilizzato da Google Analytics si chiama __ga&#8221;.<\/p>\n<p>Per altri importanti informazioni sui cookies di Google Analytics e il trattamento dei dati personali consultare le seguenti pagine:<\/p>\n<p><a href=\"https:\/\/support.google.com\/analytics\/answer\/6004245?hl=it\">https:\/\/support.google.com\/analytics\/answer\/6004245?hl=it<\/a><br \/>\n<a href=\"https:\/\/developers.google.com\/analytics\/devguides\/collection\/analyticsjs\/cookie-usage\">https:\/\/developers.google.com\/analytics\/devguides\/collection\/analyticsjs\/cookie-usage<\/a><br \/>\n<a href=\"http:\/\/www.cookie-checker.com\">www.cookie-checker.com<\/a><br \/>\n<a href=\"http:\/\/www.google.it\/policies\/privacy\/\">www.google.it\/policies\/privacy\/<\/a><\/p>\n<p>Cookies e servizi di parti terze<\/p>\n<p>Il nostro sito utilizza i seguenti cookies di parti terze:<br \/>\nGoogle Analytics, Google Maps, Facebook<\/p>\n<p>Facebook Plugin<br \/>\nSulle nostre pagine sono presenti plugin del social network Facebook Inc. Pu\u00f2 riconoscere la presenza dei plugin di Facebook dal relativo logo o dal pulsante \u201cI Like\u201d(\u201eMi piace\u201c) integrati sulla pagina.<\/p>\n<p>Cliccando sul pulsante \u201eMi Piace\u201c mentre \u00e8 loggato\/a nel Suo account di Facebook, pu\u00f2 collegare i contenuti del nostro sito al Suo profilo Facebook. In tal modo Facebook \u00e8 in grado di associare la visita al nostro sito al Suo account. Desideriamo informarla che come gestori del sito non siamo a conoscenza del contenuto dei dati trasmessi o del loro utilizzo da parte di Facebook.<br \/>\nPer ulteriori informazioni, La preghiamo di consultare la pagina di Facebook relativa alla tutela dei dati personali: it-it.facebook.com\/policy.php.<br \/>\nSe non desidera che Facebook associ la visita del nostro sito al Suo account, effettui il log-out (disconnetta) dal Suo account di Facebook.<\/p>\n<p>Google +1 Plugin<br \/>\nSul nostro sito facciamo uso delle funzioni del servizio Google +1 di Google Inc.<br \/>\nPu\u00f2 riconoscere la presenza di plugin di Google+1 dal logo Google+ cos\u00ec come dal pulsante Google +1 sul nostro sito.<br \/>\nAttraverso il pulsante Google+ pu\u00f2 pubblicare informazioni in tutto il mondo. Attraverso il pulsante Google+ ricever\u00e0 come gli altri utenti contenuti personalizzati da parte di Google e dai nostri partner. Google registra sia l\u2019informazione che ha assegnato un +1 ad un contenuto della pagina, sia le informazioni che ha visualizzato cliccando sul pulsante +1. I Suoi +1 possono essere visualizzati insieme al Suo nome e alla Sua foto di profilo su Google nei servizi di Google, come ad esempio nei risultati di ricerca o nel Suo profilo di Google o su altri siti o inserzioni in internet.<br \/>\nPer poter utilizzare il pulsante +1 di Google \u00e8 necessario possedere un profilo pubblico su Google. Oltre a questi fini, le informazioni messe da Lei a disposizione possono essere utilizzate altrimenti in base alle regole sul trattamento dei dati personali di Google. \u00c8 possibile che Google pubblichi statistiche cumulative sulle attivit\u00e0 +1 die suoi utenti o le inoltri ai suoi utenti o a partner, come publisher, inserzionisti e siti internet associati.<\/p>\n<p>Cookies di profilazione per pubblicit\u00e0 comportamentale online:<\/p>\n<p>Questo sito al momento non fa uso di cookies di profilazione.<\/p>\n<p>In alcuni die nostri messaggi tramite posta elettronica (newsletter) utilizziamo la cosiddetta tecnologia &#8220;Click-through URL&#8221;, che La indirizza a contenuti del nostro sito tramite la newsletter. Prima di raggiungere i contenuti del nostro sito, il software di gestione della newsletter registra dei dati. Questi dati ci aiutano a capire quali contenuti della nostra newsletter siano stati di maggiore interesse per Lei e quali meno. Questo ci permettere di migliorare la futura comunicazione tramite e-mail con i nostri utenti. Se non desidera che questi dati vengano registrati, non clicchi sui link contenuti nel testo o nelle immagini delle nostre newsletter.<\/p>\n<p><strong>3. COME POSSO DISATTIVARE I COOKIES?<\/strong><\/p>\n<p>Nel Suo browser pu\u00f2 disattivare il salvataggio di cookies e cancellare i cookies gi\u00e0 salvati.<br \/>\nAttraverso la disattivazione dei cookies \u00e8 possibile che parti del nostro sito web non vengano pi\u00f9 visualizzate o non funzionino pi\u00f9 correttamente.<\/p>\n<p>Consulti i seguenti link per vedere come bloccare, disattivare o cancellare cookies nel browser da Lei utilizzato:<\/p>\n<p>Mozilla Firefox:<br \/>\n<a href=\"https:\/\/support.mozilla.org\/it\/kb\/Attivare%20e%20disattivare%20i%20cookie\">https:\/\/support.mozilla.org\/it\/kb\/Attivare%20e%20disattivare%20i%20cookie<\/a><\/p>\n<p>Internet Explorer:<br \/>\n<a href=\"http:\/\/windows.microsoft.com\/it-IT\/windows-vista\/block-or-allow-cookie\">windows.microsoft.com\/it-IT\/windows-vista\/block-or-allow-cookie<\/a>s<\/p>\n<p>Google Chrome:<br \/>\n<a href=\"https:\/\/support.google.com\/chrome\/answer\/95647?hl=it&amp;topic=14666&amp;ctx=topic\">https:\/\/support.google.com\/chrome\/answer\/95647?hl=it&amp;topic=14666&amp;ctx=topic<\/a><\/p>\n<p>Safari:<br \/>\n<a href=\"https:\/\/support.apple.com\/kb\/PH17191?locale=en_US&amp;viewlocale=it_IT\">https:\/\/support.apple.com\/kb\/PH17191?locale=en_US&amp;viewlocale=it_IT<\/a><\/p>\n<p>Opera mobile:<br \/>\n<a href=\"http:\/\/www.opera.com\/help\/tutorials\/security\/cookies\/\">www.opera.com\/help\/tutorials\/security\/cookies\/<\/a><\/p>\n<p>Disattivare i cookies di Google Analytics:<br \/>\nPu\u00f2 impedire la registrazione di dati e ulteriore utilizzo da parte di Google raccolti attraverso il servizio Google Analytics, scaricando e installando il browser-plugin che trova al seguente link:<br \/>\n<a href=\"http:\/\/tools.google.com\/dlpage\/gaoptout\">tools.google.com\/dlpage\/gaoptout<\/a><\/p>\n<p>Plugin di facebook:<br \/>\nSe non desidera che facebook associ la visita al nostro sito al Suo account su Facebook, si disconnetta (log-out) dal Suo account di Facebook.<\/p>\n<p>Cookies di parti terze<br \/>\nPossono essere disattivati singolarmente o cancellati dagli utenti. Pu\u00f2 trovare le istruzioni su come procedere sul sito dell\u2018European Interactive Digital Advertising Alliance:<\/p>\n<p><a href=\"http:\/\/www.youronlinechoices.eu\">www.youronlinechoices.eu<\/a><\/p>\n<p>Cookies di profilazione \/ Utilizzo die cookies di Adwords Remarketing<br \/>\n(per pubblicit\u00e0 comportamentale):<br \/>\nPu\u00f2 negare in maniera permanente l\u2019utilizzo di cookies per il remarketing, disattivando la pubblicit\u00e0 comportamentale di Google:<\/p>\n<p><a href=\"https:\/\/www.google.com\/settings\/ads\/onweb\/\">https:\/\/www.google.com\/settings\/ads\/onweb\/<\/a><\/p>\n","protected":false},"excerpt":{"rendered":"<p>Codice della Privacy Informativa resa ai sensi del Dlgs del 30.06.2003 &#8220;Codice della Privacy&#8221; Ai sensi dell&#8217;art. 13 (Informativa), Dlgs 30 giugno 2003 nr. 196, informiamo che la nostra ditta FlyHirzer \u2013 Oswald Gilg, tratta dati personali di clienti e fornitori e di soggetti che comunicano volontariamente (via telefono, fax o e-mail) i loro dati [&hellip;]<\/p>\n","protected":false},"author":4,"featured_media":0,"parent":0,"menu_order":0,"comment_status":"closed","ping_status":"closed","template":"100-width.php","meta":[],"_links":{"self":[{"href":"https:\/\/flyhirzer.com\/it\/wp-json\/wp\/v2\/pages\/145"}],"collection":[{"href":"https:\/\/flyhirzer.com\/it\/wp-json\/wp\/v2\/pages"}],"about":[{"href":"https:\/\/flyhirzer.com\/it\/wp-json\/wp\/v2\/types\/page"}],"author":[{"embeddable":true,"href":"https:\/\/flyhirzer.com\/it\/wp-json\/wp\/v2\/users\/4"}],"replies":[{"embeddable":true,"href":"https:\/\/flyhirzer.com\/it\/wp-json\/wp\/v2\/comments?post=145"}],"version-history":[{"count":0,"href":"https:\/\/flyhirzer.com\/it\/wp-json\/wp\/v2\/pages\/145\/revisions"}],"wp:attachment":[{"href":"https:\/\/flyhirzer.com\/it\/wp-json\/wp\/v2\/media?parent=145"}],"curies":[{"name":"wp","href":"https:\/\/api.w.org\/{rel}","templated":true}]}}