{"id":1722,"date":"2018-08-30T12:32:08","date_gmt":"2018-08-30T10:32:08","guid":{"rendered":"https:\/\/flyhirzer.com\/voli-speciali\/"},"modified":"2018-09-07T13:20:55","modified_gmt":"2018-09-07T11:20:55","slug":"voli-speciali","status":"publish","type":"page","link":"https:\/\/flyhirzer.com\/it\/voli-speciali\/","title":{"rendered":"Voli speciali"},"content":{"rendered":"<p><div class=\"fusion-fullwidth fullwidth-box fusion-builder-row-1 nonhundred-percent-fullwidth non-hundred-percent-height-scrolling\" style=\"--awb-background-position:left top;--awb-border-radius-top-left:0px;--awb-border-radius-top-right:0px;--awb-border-radius-bottom-right:0px;--awb-border-radius-bottom-left:0px;--awb-padding-top:0px;--awb-padding-right:40px;--awb-padding-bottom:0px;--awb-padding-left:40px;--awb-background-color:yes;--awb-border-sizes-top:0px;--awb-border-sizes-bottom:0px;\" ><div class=\"fusion-builder-row fusion-row\"><div class=\"fusion-layout-column fusion_builder_column fusion-builder-column-0 fusion_builder_column_1_1 1_1 fusion-one-full fusion-column-first fusion-column-last fusion-column-no-min-height\" style=\"--awb-bg-size:cover;--awb-margin-bottom:0px;\"><div class=\"fusion-column-wrapper fusion-flex-column-wrapper-legacy\"><div class=\"fusion-text fusion-text-1\"><h1 style=\"text-align: center;\">I nostri voli<br \/>\nspeciali in tandem<\/h1>\n<\/div><div class=\"fusion-sep-clear\"><\/div><div class=\"fusion-separator fusion-has-icon\" style=\"margin-left: auto;margin-right: auto;margin-top:5px;margin-bottom:45px;width:100%;max-width:200px;\"><div class=\"fusion-separator-border sep-single sep-solid\" style=\"--awb-height:20px;--awb-amount:20px;--awb-sep-color:#e0e0e0;border-color:#e0e0e0;border-top-width:1px;\"><\/div><span class=\"icon-wrapper\" style=\"border-color:#e0e0e0;background-color:rgba(255,255,255,0);font-size:16px;width: 1.75em; height: 1.75em;border-width:1px;padding:1px;margin-top:-0.5px\"><i class=\" fa fa-heart\" style=\"font-size: inherit;color:#e0e0e0;\" aria-hidden=\"true\"><\/i><\/span><div class=\"fusion-separator-border sep-single sep-solid\" style=\"--awb-height:20px;--awb-amount:20px;--awb-sep-color:#e0e0e0;border-color:#e0e0e0;border-top-width:1px;\"><\/div><\/div><div class=\"fusion-sep-clear\"><\/div><div class=\"fusion-sep-clear\"><\/div><div class=\"fusion-separator fusion-full-width-sep\" style=\"margin-left: auto;margin-right: auto;margin-top:10px;margin-bottom:10px;width:100%;\"><\/div><div class=\"fusion-sep-clear\"><\/div><div class=\"fusion-text fusion-text-2\"><p style=\"text-align: center;\">Per ospiti con disabilit\u00e0 fisiche. Non siete pi\u00f9 cos\u00ec bravi a camminare o potete muovervi solo su una sedia a rotelle? Nessun problema per noi &#8211; perch\u00e9 vogliamo che il parapendio sopra Merano sia un&#8217;esperienza per tutti!<br \/>\nAll&#8217;avvio, gli helper supportano il processo di avvio. Tutto quello che dobbiamo sapere prima della data di inizio \u00e8 di che handicap si tratti &#8211; poi organizzeremo tutto il resto per voi. I prezzi per le singole rotte di volo rimangono invariati, vale a dire che non applichiamo alcuna sovrattassa.<\/p>\n<\/div><div class=\"fusion-sep-clear\"><\/div><div class=\"fusion-separator fusion-full-width-sep\" style=\"margin-left: auto;margin-right: auto;margin-top:10px;margin-bottom:50px;width:100%;\"><\/div><div class=\"fusion-sep-clear\"><\/div><div class=\"awb-gallery-wrapper awb-gallery-wrapper-1 button-span-no\"><div style=\"margin:-5px;--awb-bordersize:0px;\" class=\"fusion-gallery fusion-gallery-container fusion-grid-3 fusion-columns-total-3 fusion-gallery-layout-grid fusion-gallery-1\"><div style=\"padding:5px;\" class=\"fusion-grid-column fusion-gallery-column fusion-gallery-column-3 hover-type-none\"><div class=\"fusion-gallery-image\"><a href=\"https:\/\/flyhirzer.com\/wp-content\/uploads\/2017\/10\/10034.jpg\"><img decoding=\"async\" src=\"https:\/\/flyhirzer.com\/wp-content\/uploads\/2017\/10\/10034.jpg\" width=\"1024\" height=\"768\" alt=\"\" title=\"10034\" aria-label=\"10034\" class=\"img-responsive wp-image-1255\" srcset=\"https:\/\/flyhirzer.com\/wp-content\/uploads\/2017\/10\/10034-200x150.jpg 200w, https:\/\/flyhirzer.com\/wp-content\/uploads\/2017\/10\/10034-400x300.jpg 400w, https:\/\/flyhirzer.com\/wp-content\/uploads\/2017\/10\/10034-600x450.jpg 600w, https:\/\/flyhirzer.com\/wp-content\/uploads\/2017\/10\/10034-800x600.jpg 800w, https:\/\/flyhirzer.com\/wp-content\/uploads\/2017\/10\/10034.jpg 1024w\" sizes=\"(min-width: 2200px) 100vw, (min-width: 784px) 363px, (min-width: 712px) 545px, (min-width: 640px) 712px, \" \/><\/a><\/div><\/div><div style=\"padding:5px;\" class=\"fusion-grid-column fusion-gallery-column fusion-gallery-column-3 hover-type-none\"><div class=\"fusion-gallery-image\"><a href=\"https:\/\/flyhirzer.com\/wp-content\/uploads\/2017\/10\/flyhirzer-spezialfluege.jpg\"><img decoding=\"async\" src=\"https:\/\/flyhirzer.com\/wp-content\/uploads\/2017\/10\/flyhirzer-spezialfluege.jpg\" width=\"488\" height=\"700\" alt=\"\" title=\"flyhirzer-spezialfluege\" aria-label=\"flyhirzer-spezialfluege\" class=\"img-responsive wp-image-1249\" srcset=\"https:\/\/flyhirzer.com\/wp-content\/uploads\/2017\/10\/flyhirzer-spezialfluege-200x287.jpg 200w, https:\/\/flyhirzer.com\/wp-content\/uploads\/2017\/10\/flyhirzer-spezialfluege-400x574.jpg 400w, https:\/\/flyhirzer.com\/wp-content\/uploads\/2017\/10\/flyhirzer-spezialfluege.jpg 488w\" sizes=\"(min-width: 2200px) 100vw, (min-width: 784px) 363px, (min-width: 712px) 545px, (min-width: 640px) 712px, \" \/><\/a><\/div><\/div><div style=\"padding:5px;\" class=\"fusion-grid-column fusion-gallery-column fusion-gallery-column-3 hover-type-none\"><div class=\"fusion-gallery-image\"><a href=\"https:\/\/flyhirzer.com\/wp-content\/uploads\/2017\/10\/SDC12400.jpg\"><img decoding=\"async\" src=\"https:\/\/flyhirzer.com\/wp-content\/uploads\/2017\/10\/SDC12400.jpg\" width=\"1024\" height=\"768\" alt=\"\" title=\"SDC12400\" aria-label=\"SDC12400\" class=\"img-responsive wp-image-1298\" srcset=\"https:\/\/flyhirzer.com\/wp-content\/uploads\/2017\/10\/SDC12400-200x150.jpg 200w, https:\/\/flyhirzer.com\/wp-content\/uploads\/2017\/10\/SDC12400-400x300.jpg 400w, https:\/\/flyhirzer.com\/wp-content\/uploads\/2017\/10\/SDC12400-600x450.jpg 600w, https:\/\/flyhirzer.com\/wp-content\/uploads\/2017\/10\/SDC12400-800x600.jpg 800w, https:\/\/flyhirzer.com\/wp-content\/uploads\/2017\/10\/SDC12400.jpg 1024w\" sizes=\"(min-width: 2200px) 100vw, (min-width: 784px) 363px, (min-width: 712px) 545px, (min-width: 640px) 712px, \" \/><\/a><\/div><\/div><div class=\"clearfix\"><\/div><\/div><\/div><div class=\"fusion-sep-clear\"><\/div><div class=\"fusion-separator fusion-full-width-sep\" style=\"margin-left: auto;margin-right: auto;margin-top:10px;margin-bottom:50px;width:100%;\"><\/div><div class=\"fusion-sep-clear\"><\/div><div class=\"fusion-clearfix\"><\/div><\/div><\/div><\/div><\/div><div class=\"fusion-fullwidth fullwidth-box fusion-builder-row-2 faded-background fusion-parallax-fixed nonhundred-percent-fullwidth non-hundred-percent-height-scrolling fusion-equal-height-columns\" style=\"--awb-background-position:right center;--awb-border-radius-top-left:0px;--awb-border-radius-top-right:0px;--awb-border-radius-bottom-right:0px;--awb-border-radius-bottom-left:0px;--awb-padding-top:200px;--awb-padding-right:40px;--awb-padding-bottom:200px;--awb-padding-left:40px;--awb-background-size:cover;--awb-border-sizes-top:0px;--awb-border-sizes-bottom:0px;background-attachment:fixed;\" ><div class=\"fullwidth-faded\" style=\"--awb-background-color:#3d352f;--awb-background-position:right center;--awb-background-parallax:fixed;--awb-background-image:url(https:\/\/flyhirzer.com\/wp-content\/uploads\/2017\/10\/gute-wolken-1024x768.jpg);--awb-background-size:cover;\" ><\/div><div class=\"fusion-builder-row fusion-row\"><div class=\"fusion-layout-column fusion_builder_column fusion-builder-column-1 fusion_builder_column_1_1 1_1 fusion-one-full fusion-column-first fusion-column-last\" style=\"--awb-padding-top:30px;--awb-padding-right:30px;--awb-padding-bottom:30px;--awb-padding-left:30px;--awb-bg-color:rgba(255,255,255,.7);--awb-bg-color-hover:rgba(255,255,255,.7);--awb-bg-size:cover;\"><div class=\"fusion-column-wrapper fusion-flex-column-wrapper-legacy\"><div class=\"fusion-text fusion-text-3\"><h2 style=\"text-align: center;\">Sie wollen einen unvergesslichen Tandemflug<br \/>\nbei FlyHirzer buchen?<\/h2>\n<\/div><div class=\"fusion-sep-clear\"><\/div><div class=\"fusion-separator\" style=\"margin-left: auto;margin-right: auto;margin-top:40px;width:100%;max-width:200px;\"><\/div><div class=\"fusion-sep-clear\"><\/div><div class=\"fusion-aligncenter\"><a class=\"fusion-button button-flat button-xlarge button-custom fusion-button-default button-1 fusion-button-default-span fusion-button-default-type fusion-has-button-gradient\" style=\"--button_accent_color:#ffffff;--button_accent_hover_color:#ffffff;--button_border_hover_color:#ffffff;--button_gradient_top_color:#e30613;--button_gradient_bottom_color:#c90606;--button_gradient_top_color_hover:#bc0505;--button_gradient_bottom_color_hover:#bc0505;\" target=\"_self\" href=\"https:\/\/flyhirzer.com\/it\/modulo-di-prenotazione\/\"><span class=\"fusion-button-text\">Richiedi<\/span><\/a><\/div><div class=\"fusion-sep-clear\"><\/div><div class=\"fusion-separator\" style=\"margin-left: auto;margin-right: auto;margin-top:10px;width:100%;max-width:200px;\"><\/div><div class=\"fusion-sep-clear\"><\/div><div class=\"fusion-clearfix\"><\/div><\/div><\/div><\/div><\/div><\/p>\n","protected":false},"excerpt":{"rendered":"","protected":false},"author":4,"featured_media":0,"parent":0,"menu_order":0,"comment_status":"closed","ping_status":"closed","template":"100-width.php","meta":[],"_links":{"self":[{"href":"https:\/\/flyhirzer.com\/it\/wp-json\/wp\/v2\/pages\/1722"}],"collection":[{"href":"https:\/\/flyhirzer.com\/it\/wp-json\/wp\/v2\/pages"}],"about":[{"href":"https:\/\/flyhirzer.com\/it\/wp-json\/wp\/v2\/types\/page"}],"author":[{"embeddable":true,"href":"https:\/\/flyhirzer.com\/it\/wp-json\/wp\/v2\/users\/4"}],"replies":[{"embeddable":true,"href":"https:\/\/flyhirzer.com\/it\/wp-json\/wp\/v2\/comments?post=1722"}],"version-history":[{"count":0,"href":"https:\/\/flyhirzer.com\/it\/wp-json\/wp\/v2\/pages\/1722\/revisions"}],"wp:attachment":[{"href":"https:\/\/flyhirzer.com\/it\/wp-json\/wp\/v2\/media?parent=1722"}],"curies":[{"name":"wp","href":"https:\/\/api.w.org\/{rel}","templated":true}]}}