{"id":560,"date":"2016-05-08T14:14:37","date_gmt":"2016-05-08T12:14:37","guid":{"rendered":"http:\/\/flyhirzer.com\/it\/?page_id=560"},"modified":"2018-09-07T13:22:38","modified_gmt":"2018-09-07T11:22:38","slug":"buono","status":"publish","type":"page","link":"https:\/\/flyhirzer.com\/it\/buono\/","title":{"rendered":"Buono"},"content":{"rendered":"<p><div class=\"fusion-fullwidth fullwidth-box fusion-builder-row-1 nonhundred-percent-fullwidth non-hundred-percent-height-scrolling\" style=\"--awb-background-position:left top;--awb-border-radius-top-left:0px;--awb-border-radius-top-right:0px;--awb-border-radius-bottom-right:0px;--awb-border-radius-bottom-left:0px;--awb-padding-top:20px;--awb-padding-bottom:20px;--awb-border-sizes-top:0px;--awb-border-sizes-bottom:0px;\" ><div class=\"fusion-builder-row fusion-row\"><div class=\"fusion-layout-column fusion_builder_column fusion-builder-column-0 fusion_builder_column_1_1 1_1 fusion-one-full fusion-column-first fusion-column-last\" style=\"--awb-bg-size:cover;\"><div class=\"fusion-column-wrapper fusion-flex-column-wrapper-legacy\"><div class=\"fusion-text fusion-text-1\"><h1 class=\"title-heading-left\" data-lineheight=\"27\" data-fontsize=\"18\">I nostri buoni<\/h1>\n<h2>Un regalo che d\u00e0 piacere<\/h2>\n<\/div><div class=\"fusion-text fusion-text-2\"><h3>Vuoi sorprendere una persona cara con qualcosa di molto speciale e darle un buono? Per un volo in parapendio sull&#8217;Hirzer o per un volo in tandem di gruppo? E&#8217; una buona idea! Si prega di compilare il seguente modulo di voucher &#8211; invieremo il buono direttamente al destinatario.<br \/>\nIl buono \u00e8 valido dopo il bonifico bancario e pu\u00f2 essere riscattato dal destinatario per 1 anno dalla data di emissione.<\/h3>\n<\/div><div class=\"fusion-clearfix\"><\/div><\/div><\/div><\/div><\/div><div class=\"fusion-fullwidth fullwidth-box fusion-builder-row-2 nonhundred-percent-fullwidth non-hundred-percent-height-scrolling\" style=\"--awb-background-position:left top;--awb-border-radius-top-left:0px;--awb-border-radius-top-right:0px;--awb-border-radius-bottom-right:0px;--awb-border-radius-bottom-left:0px;--awb-padding-top:20px;--awb-padding-bottom:20px;--awb-border-sizes-top:0px;--awb-border-sizes-bottom:0px;\" ><div class=\"fusion-builder-row fusion-row\"><div class=\"fusion-layout-column fusion_builder_column fusion-builder-column-1 fusion_builder_column_1_2 1_2 fusion-one-half fusion-column-first\" style=\"--awb-bg-size:cover;width:48%; margin-right: 4%;\"><div class=\"fusion-column-wrapper fusion-flex-column-wrapper-legacy\"><div class=\"fusion-title title fusion-title-1 fusion-title-text fusion-title-size-one\"><h1 class=\"title-heading-left\" style=\"margin:0;\"><h3>Chieda il nostro buono<\/h3><\/h1><span class=\"awb-title-spacer\"><\/span><div class=\"title-sep-container\"><div class=\"title-sep sep-double sep-solid\" style=\"border-color:#e0dede;\"><\/div><\/div><\/div><div class=\"fusion-text fusion-text-3\">\n<div class=\"wpcf7 no-js\" id=\"wpcf7-f559-o1\" lang=\"de-DE\" dir=\"ltr\">\n<div class=\"screen-reader-response\"><p role=\"status\" aria-live=\"polite\" aria-atomic=\"true\"><\/p> <ul><\/ul><\/div>\n<form action=\"\/it\/wp-json\/wp\/v2\/pages\/560#wpcf7-f559-o1\" method=\"post\" class=\"wpcf7-form init wpcf7-acceptance-as-validation\" id=\"anfrage\" aria-label=\"Kontaktformular\" novalidate=\"novalidate\" data-status=\"init\">\n<div style=\"display: none;\">\n<input type=\"hidden\" name=\"_wpcf7\" value=\"559\" \/>\n<input type=\"hidden\" name=\"_wpcf7_version\" value=\"5.7.7\" \/>\n<input type=\"hidden\" name=\"_wpcf7_locale\" value=\"de_DE\" \/>\n<input type=\"hidden\" name=\"_wpcf7_unit_tag\" value=\"wpcf7-f559-o1\" \/>\n<input type=\"hidden\" name=\"_wpcf7_container_post\" value=\"0\" \/>\n<input type=\"hidden\" name=\"_wpcf7_posted_data_hash\" value=\"\" \/>\n<input type=\"hidden\" name=\"_wpcf7_recaptcha_response\" value=\"\" \/>\n<\/div>\n<p>Buono in tandem di volo (* informazione obbligatoria)\n<\/p>\n<div class=\"cf7-txt\">\n\t<p>Nome del destinatario sul buono:\n\t<\/p>\n<\/div>\n<div class=\"form_half\">\n\t<p>Cognome destinatario * <span class=\"wpcf7-form-control-wrap\" data-name=\"Beschenkter-Nachname\"><input size=\"40\" class=\"wpcf7-form-control wpcf7-text wpcf7-validates-as-required\" aria-required=\"true\" aria-invalid=\"false\" value=\"\" type=\"text\" name=\"Beschenkter-Nachname\" \/><\/span>\n\t<\/p>\n<\/div>\n<div class=\"form_half form_half_last\">\n\t<p>Nome destinatario * <span class=\"wpcf7-form-control-wrap\" data-name=\"Beschenkter-Vorname\"><input size=\"40\" class=\"wpcf7-form-control wpcf7-text wpcf7-validates-as-required\" aria-required=\"true\" aria-invalid=\"false\" value=\"\" type=\"text\" name=\"Beschenkter-Vorname\" \/><\/span>\n\t<\/p>\n<\/div>\n<div class=\"cf7-txt\">\n\t<p>Cliente ed indirizzo postale:\n\t<\/p>\n<\/div>\n<div class=\"form_half\">\n\t<p>Cognome* <span class=\"wpcf7-form-control-wrap\" data-name=\"Nachname\"><input size=\"40\" class=\"wpcf7-form-control wpcf7-text wpcf7-validates-as-required\" aria-required=\"true\" aria-invalid=\"false\" value=\"\" type=\"text\" name=\"Nachname\" \/><\/span>\n\t<\/p>\n<\/div>\n<div class=\"form_half form_half_last\">\n\t<p>Nome* <span class=\"wpcf7-form-control-wrap\" data-name=\"Vorname\"><input size=\"40\" class=\"wpcf7-form-control wpcf7-text wpcf7-validates-as-required\" aria-required=\"true\" aria-invalid=\"false\" value=\"\" type=\"text\" name=\"Vorname\" \/><\/span>\n\t<\/p>\n<\/div>\n<div class=\"form_half\">\n\t<p>Cap * <span class=\"wpcf7-form-control-wrap\" data-name=\"PLZ\"><input size=\"40\" class=\"wpcf7-form-control wpcf7-text wpcf7-validates-as-required\" aria-required=\"true\" aria-invalid=\"false\" value=\"\" type=\"text\" name=\"PLZ\" \/><\/span>\n\t<\/p>\n<\/div>\n<div class=\"form_half form_half_last\">\n\t<p>Citta * <span class=\"wpcf7-form-control-wrap\" data-name=\"Ort\"><input size=\"40\" class=\"wpcf7-form-control wpcf7-text wpcf7-validates-as-required\" aria-required=\"true\" aria-invalid=\"false\" value=\"\" type=\"text\" name=\"Ort\" \/><\/span>\n\t<\/p>\n<\/div>\n<div class=\"form_half\">\n\t<p>Via n * <span class=\"wpcf7-form-control-wrap\" data-name=\"Strasse\"><input size=\"40\" class=\"wpcf7-form-control wpcf7-text wpcf7-validates-as-required\" aria-required=\"true\" aria-invalid=\"false\" value=\"\" type=\"text\" name=\"Strasse\" \/><\/span>\n\t<\/p>\n<\/div>\n<div class=\"form_half form_half_last\">\n\t<p>Paese * <span class=\"wpcf7-form-control-wrap\" data-name=\"land\"><input size=\"40\" class=\"wpcf7-form-control wpcf7-text wpcf7-validates-as-required\" aria-required=\"true\" aria-invalid=\"false\" value=\"\" type=\"text\" name=\"land\" \/><\/span>\n\t<\/p>\n<\/div>\n<div class=\"form_half\">\n\t<p>Mobil-Telefonino* <span class=\"wpcf7-form-control-wrap\" data-name=\"Telefon\"><input size=\"40\" class=\"wpcf7-form-control wpcf7-text wpcf7-tel wpcf7-validates-as-required wpcf7-validates-as-tel\" aria-required=\"true\" aria-invalid=\"false\" value=\"\" type=\"tel\" name=\"Telefon\" \/><\/span>\n\t<\/p>\n<\/div>\n<div class=\"form_half form_half_last\">\n\t<p>E-Mail * <span class=\"wpcf7-form-control-wrap\" data-name=\"IhreE-Mail\"><input size=\"40\" class=\"wpcf7-form-control wpcf7-text wpcf7-email wpcf7-validates-as-required wpcf7-validates-as-email\" aria-required=\"true\" aria-invalid=\"false\" value=\"\" type=\"email\" name=\"IhreE-Mail\" \/><\/span>\n\t<\/p>\n<\/div>\n<div class=\"form_half\">\n\t<p>Buono - inviato da: * <span class=\"wpcf7-form-control-wrap\" data-name=\"Antwortper\"><select class=\"wpcf7-form-control wpcf7-select wpcf7-validates-as-required\" aria-required=\"true\" aria-invalid=\"false\" name=\"Antwortper\"><option value=\"E-Mail\">E-Mail<\/option><option value=\"Post\">Post<\/option><\/select><\/span>\n\t<\/p>\n<\/div>\n<div class=\"form_half form_half_last\">\n\t<p>Richiesta: *\n\t<\/p>\n\t<p><span class=\"wpcf7-form-control-wrap\" data-name=\"menu-624\"><select class=\"wpcf7-form-control wpcf7-select wpcf7-validates-as-required\" aria-required=\"true\" aria-invalid=\"false\" name=\"menu-624\"><option value=\"\">&#8211; Bitte ausw\u00e4hlen &#8211;<\/option><option value=\"Hirzer Flug-Route 1 (\u20ac 100,-)\">Hirzer Flug-Route 1 (\u20ac 100,-)<\/option><option value=\"Hirzer Flug-Route 2 (\u20ac 130,-)\">Hirzer Flug-Route 2 (\u20ac 130,-)<\/option><option value=\"Hirzer Flug-Route 3 (\u20ac 160,-)\">Hirzer Flug-Route 3 (\u20ac 160,-)<\/option><option value=\"Hirzer Flug-Route 4 (\u20ac 190,-)\">Hirzer Flug-Route 4 (\u20ac 190,-)<\/option><\/select><\/span>\n\t<\/p>\n<\/div>\n<div class=\"form_half\">\n\t<p>Voucher lingua: * <span class=\"wpcf7-form-control-wrap\" data-name=\"menu-236\"><select class=\"wpcf7-form-control wpcf7-select wpcf7-validates-as-required\" aria-required=\"true\" aria-invalid=\"false\" name=\"menu-236\"><option value=\"\">&#8211; Bitte ausw\u00e4hlen &#8211;<\/option><option value=\"tedesco\">tedesco<\/option><option value=\"inglese\">inglese<\/option><option value=\"italiano\">italiano<\/option><\/select><\/span>\n\t<\/p>\n<\/div>\n<div class=\"form_half form_half_last\">\n\t<p>Video + foto del volo: * <span class=\"wpcf7-form-control-wrap\" data-name=\"menu-845\"><select class=\"wpcf7-form-control wpcf7-select wpcf7-validates-as-required\" aria-required=\"true\" aria-invalid=\"false\" name=\"menu-845\"><option value=\"\">&#8211; Bitte ausw\u00e4hlen &#8211;<\/option><option value=\"si - EUR 25,00\">si - EUR 25,00<\/option><option value=\"no\">no<\/option><\/select><\/span>\n\t<\/p>\n<\/div>\n<p>Il tuo commento\n<\/p>\n<p><span class=\"wpcf7-form-control-wrap\" data-name=\"Kommentar\"><textarea cols=\"40\" rows=\"10\" class=\"wpcf7-form-control wpcf7-textarea\" aria-invalid=\"false\" name=\"Kommentar\"><\/textarea><\/span>\n<\/p>\n<div class=\"cf7-txt\">\n\t<p>Se per trasmettere ad un indirizzo postale differente:\n\t<\/p>\n<\/div>\n<div class=\"form_half\">\n\t<p>Cognome <span class=\"wpcf7-form-control-wrap\" data-name=\"Nachname-optional\"><input size=\"40\" class=\"wpcf7-form-control wpcf7-text\" aria-invalid=\"false\" value=\"\" type=\"text\" name=\"Nachname-optional\" \/><\/span>\n\t<\/p>\n<\/div>\n<div class=\"form_half form_half_last\">\n\t<p>Nome <span class=\"wpcf7-form-control-wrap\" data-name=\"Vorname-optional\"><input size=\"40\" class=\"wpcf7-form-control wpcf7-text\" aria-invalid=\"false\" value=\"\" type=\"text\" name=\"Vorname-optional\" \/><\/span>\n\t<\/p>\n<\/div>\n<div class=\"form_quarter\">\n\t<p>Cap <span class=\"wpcf7-form-control-wrap\" data-name=\"PLZ-optional\"><input size=\"40\" class=\"wpcf7-form-control wpcf7-text\" aria-invalid=\"false\" value=\"\" type=\"text\" name=\"PLZ-optional\" \/><\/span>\n\t<\/p>\n<\/div>\n<div class=\"form_quarter\">\n\t<p>Citta <span class=\"wpcf7-form-control-wrap\" data-name=\"Ort-optional\"><input size=\"40\" class=\"wpcf7-form-control wpcf7-text\" aria-invalid=\"false\" value=\"\" type=\"text\" name=\"Ort-optional\" \/><\/span>\n\t<\/p>\n<\/div>\n<div class=\"form_half form_half_last\">\n\t<p>Via n <span class=\"wpcf7-form-control-wrap\" data-name=\"Strasse-optional\"><input size=\"40\" class=\"wpcf7-form-control wpcf7-text\" aria-invalid=\"false\" value=\"\" type=\"text\" name=\"Strasse-optional\" \/><\/span>\n\t<\/p>\n<\/div>\n<div class=\"form_half\">\n\t<p>Paese <span class=\"wpcf7-form-control-wrap\" data-name=\"land-optional\"><input size=\"40\" class=\"wpcf7-form-control wpcf7-text\" aria-invalid=\"false\" value=\"\" type=\"text\" name=\"land-optional\" \/><\/span>\n\t<\/p>\n<\/div>\n<div class=\"form_half form_half_last\">\n\t<p>Telefono <span class=\"wpcf7-form-control-wrap\" data-name=\"Telefon-optional\"><input size=\"40\" class=\"wpcf7-form-control wpcf7-text wpcf7-tel wpcf7-validates-as-tel\" aria-invalid=\"false\" value=\"\" type=\"tel\" name=\"Telefon-optional\" \/><\/span>\n\t<\/p>\n<\/div>\n<div class=\"form_half form_half_last\">\n\t<p>Mobil-Telefonino (wichtig) <span class=\"wpcf7-form-control-wrap\" data-name=\"Telefon-optional\"><input size=\"40\" class=\"wpcf7-form-control wpcf7-text wpcf7-tel wpcf7-validates-as-tel\" aria-invalid=\"false\" value=\"\" type=\"tel\" name=\"Telefon-optional\" \/><\/span>\n\t<\/p>\n<\/div>\n<div class=\"form_half form_half_last\">\n\t<p>E-Mail <span class=\"wpcf7-form-control-wrap\" data-name=\"IhreE-Mail-optional\"><input size=\"40\" class=\"wpcf7-form-control wpcf7-text wpcf7-email wpcf7-validates-as-email\" aria-invalid=\"false\" value=\"\" type=\"email\" name=\"IhreE-Mail-optional\" \/><\/span>\n\t<\/p>\n<\/div>\n<p>Per inviare la vostra richiesta, \u00e8 l'accettazione della nostra <a href=\"http:\/\/flyhirzer.com\/en\/privacy-policy\/\" target=\"_blank\"> Accetto le Norme sulla privacy<\/a> richiesto.\n<\/p>\n<p> Accetto le Accetto le Norme sulla privacy <span class=\"wpcf7-form-control-wrap\" data-name=\"acceptance-210\"><span class=\"wpcf7-form-control wpcf7-acceptance\"><span class=\"wpcf7-list-item\"><input type=\"checkbox\" name=\"acceptance-210\" value=\"1\" aria-invalid=\"false\" \/><\/span><\/span><\/span>\n<\/p>\n<p><input class=\"wpcf7-form-control has-spinner wpcf7-submit\" type=\"submit\" value=\"Invia\" \/>\n<\/p><div class=\"fusion-alert alert custom alert-custom fusion-alert-center wpcf7-response-output alert-dismissable\" role=\"alert\"><div class=\"fusion-alert-content-wrapper\"><span class=\"fusion-alert-content\"><\/span><\/div><button type=\"button\" class=\"close toggle-alert\" data-dismiss=\"alert\" aria-label=\"Close\">&times;<\/button><\/div>\n<\/form>\n<\/div>\n\n<\/div><div class=\"fusion-clearfix\"><\/div><\/div><\/div><div class=\"fusion-layout-column fusion_builder_column fusion-builder-column-2 fusion_builder_column_1_2 1_2 fusion-one-half fusion-column-last\" style=\"--awb-bg-size:cover;width:48%;\"><div class=\"fusion-column-wrapper fusion-flex-column-wrapper-legacy\"><div class=\"fusion-title title fusion-title-2 fusion-title-text fusion-title-size-one\"><h1 class=\"title-heading-left\" style=\"margin:0;\"><h3>Buono in tandem di volo<\/h3><\/h1><span class=\"awb-title-spacer\"><\/span><div class=\"title-sep-container\"><div class=\"title-sep sep-double sep-solid\" style=\"border-color:#e0dede;\"><\/div><\/div><\/div><div class=\"fusion-image-element in-legacy-container\" style=\"--awb-caption-title-font-family:var(--h2_typography-font-family);--awb-caption-title-font-weight:var(--h2_typography-font-weight);--awb-caption-title-font-style:var(--h2_typography-font-style);--awb-caption-title-size:var(--h2_typography-font-size);--awb-caption-title-transform:var(--h2_typography-text-transform);--awb-caption-title-line-height:var(--h2_typography-line-height);--awb-caption-title-letter-spacing:var(--h2_typography-letter-spacing);\"><span class=\" fusion-imageframe imageframe-none imageframe-1 hover-type-none\" class=\"image-magnify\" class=\"image-scroll\"><img decoding=\"async\" width=\"707\" height=\"1000\" title=\"Gutschein_IT\" src=\"https:\/\/flyhirzer.com\/wp-content\/uploads\/2017\/12\/Gutschein_IT.jpg\" alt class=\"img-responsive wp-image-1389\" srcset=\"https:\/\/flyhirzer.com\/wp-content\/uploads\/2017\/12\/Gutschein_IT-200x283.jpg 200w, https:\/\/flyhirzer.com\/wp-content\/uploads\/2017\/12\/Gutschein_IT-400x566.jpg 400w, https:\/\/flyhirzer.com\/wp-content\/uploads\/2017\/12\/Gutschein_IT-600x849.jpg 600w, https:\/\/flyhirzer.com\/wp-content\/uploads\/2017\/12\/Gutschein_IT.jpg 707w\" sizes=\"(max-width: 800px) 100vw, 600px\" \/><\/span><\/div><div class=\"fusion-sep-clear\"><\/div><div class=\"fusion-separator fusion-full-width-sep\" style=\"margin-left: auto;margin-right: auto;margin-top:30px;margin-bottom:10px;width:100%;\"><\/div><div class=\"fusion-sep-clear\"><\/div><div class=\"fusion-title title fusion-title-3 fusion-title-text fusion-title-size-one\"><h1 class=\"title-heading-left\" style=\"margin:0;\"><h3>Possibilit\u00e0 di pagamento<\/h3><\/h1><span class=\"awb-title-spacer\"><\/span><div class=\"title-sep-container\"><div class=\"title-sep sep-double sep-solid\" style=\"border-color:#e0dede;\"><\/div><\/div><\/div><div class=\"fusion-text fusion-text-4\"><p>Ricevete immediatamente il nostro buono da espresso.<\/p>\n<p>Il buono \u00e8 valido per 1 anno a partire dalla data d&#8217;emissione e pu\u00f2 essere riacquistato in qualunque momento da quello presentato. Il buono \u00e8 personale e non trasferibile.<\/p>\n<p>Possibilit\u00e0 di pagamento: Carta di credito o trasferimento bancario.<\/p>\n<\/div><div class=\"fusion-clearfix\"><\/div><\/div><\/div><\/div><\/div><\/p>\n","protected":false},"excerpt":{"rendered":"","protected":false},"author":4,"featured_media":0,"parent":0,"menu_order":0,"comment_status":"closed","ping_status":"closed","template":"100-width.php","meta":[],"_links":{"self":[{"href":"https:\/\/flyhirzer.com\/it\/wp-json\/wp\/v2\/pages\/560"}],"collection":[{"href":"https:\/\/flyhirzer.com\/it\/wp-json\/wp\/v2\/pages"}],"about":[{"href":"https:\/\/flyhirzer.com\/it\/wp-json\/wp\/v2\/types\/page"}],"author":[{"embeddable":true,"href":"https:\/\/flyhirzer.com\/it\/wp-json\/wp\/v2\/users\/4"}],"replies":[{"embeddable":true,"href":"https:\/\/flyhirzer.com\/it\/wp-json\/wp\/v2\/comments?post=560"}],"version-history":[{"count":0,"href":"https:\/\/flyhirzer.com\/it\/wp-json\/wp\/v2\/pages\/560\/revisions"}],"wp:attachment":[{"href":"https:\/\/flyhirzer.com\/it\/wp-json\/wp\/v2\/media?parent=560"}],"curies":[{"name":"wp","href":"https:\/\/api.w.org\/{rel}","templated":true}]}}