{"id":696,"date":"2016-05-13T11:36:04","date_gmt":"2016-05-13T09:36:04","guid":{"rendered":"http:\/\/flyhirzer.com\/it\/?page_id=696"},"modified":"2025-03-21T12:05:11","modified_gmt":"2025-03-21T11:05:11","slug":"zone-di-volo-bianchi-val-passiria-hirzer","status":"publish","type":"page","link":"https:\/\/flyhirzer.com\/it\/zone-di-volo-bianchi-val-passiria-hirzer\/","title":{"rendered":"Zone di volo in val Passiria Hirzer"},"content":{"rendered":"<p><div class=\"fusion-fullwidth fullwidth-box fusion-builder-row-1 nonhundred-percent-fullwidth non-hundred-percent-height-scrolling\" style=\"--awb-background-position:left top;--awb-border-sizes-top:0px;--awb-border-sizes-bottom:0px;--awb-border-sizes-left:0px;--awb-border-sizes-right:0px;--awb-border-radius-top-left:0px;--awb-border-radius-top-right:0px;--awb-border-radius-bottom-right:0px;--awb-border-radius-bottom-left:0px;--awb-padding-top:0px;--awb-padding-right:40px;--awb-padding-bottom:0px;--awb-padding-left:40px;--awb-background-color:yes;\" ><div class=\"fusion-builder-row fusion-row\"><div class=\"fusion-layout-column fusion_builder_column fusion-builder-column-0 fusion_builder_column_1_1 1_1 fusion-one-full fusion-column-first fusion-column-last fusion-column-no-min-height\" style=\"--awb-bg-size:cover;--awb-margin-bottom:0px;\"><div class=\"fusion-column-wrapper fusion-flex-column-wrapper-legacy\"><div class=\"fusion-text fusion-text-1\"><h1 style=\"text-align: center;\">Il vostro volo tandem in parapendio sull&#8217;Hirzer<\/h1>\n<h2 style=\"text-align: center;\">Per momenti di incomparabile bellezza<\/h2>\n<\/div><div class=\"fusion-sep-clear\"><\/div><div class=\"fusion-separator fusion-has-icon\" style=\"margin-left: auto;margin-right: auto;margin-top:5px;margin-bottom:45px;width:100%;max-width:200px;\"><div class=\"fusion-separator-border sep-single sep-solid\" style=\"--awb-height:20px;--awb-amount:20px;--awb-sep-color:#e0e0e0;border-color:#e0e0e0;border-top-width:1px;\"><\/div><span class=\"icon-wrapper\" style=\"border-color:#e0e0e0;background-color:rgba(255,255,255,0);font-size:16px;width: 1.75em; height: 1.75em;border-width:1px;padding:1px;margin-top:-0.5px\"><i class=\" fa fa-heart\" style=\"font-size: inherit;color:#e0e0e0;\" aria-hidden=\"true\"><\/i><\/span><div class=\"fusion-separator-border sep-single sep-solid\" style=\"--awb-height:20px;--awb-amount:20px;--awb-sep-color:#e0e0e0;border-color:#e0e0e0;border-top-width:1px;\"><\/div><\/div><div class=\"fusion-sep-clear\"><\/div><div class=\"fusion-sep-clear\"><\/div><div class=\"fusion-separator fusion-full-width-sep\" style=\"margin-left: auto;margin-right: auto;margin-top:10px;margin-bottom:10px;width:100%;\"><\/div><div class=\"fusion-sep-clear\"><\/div><div class=\"fusion-text fusion-text-2\"><p style=\"text-align: center;\">Prati verdeggianti. Piccoli laghi cristallini. Pareti rocciose robuste. Il parapendio sopra Merano \u00e8 impressionante come le montagne dell&#8217;Alto Adige. Sentimenti di felicit\u00e0 inclusi!<br \/>\nVuoi vivere da vicino questa indescrivibile sensazione e volare con noi su tetti, cime di alberi e prati? Allora contattateci! I voli in parapendio tandem sono prenotabili tutti i giorni da marzo a novembre e sono adatti a quasi tutte le fasce d&#8217;et\u00e0 (5-99 anni!).<\/p>\n<\/div><div class=\"fusion-sep-clear\"><\/div><div class=\"fusion-separator fusion-full-width-sep\" style=\"margin-left: auto;margin-right: auto;margin-top:10px;margin-bottom:10px;width:100%;\"><\/div><div class=\"fusion-sep-clear\"><\/div><div class=\"fusion-text fusion-text-3\"><h3 style=\"text-align: center;\">Bene, vi abbiamo convinto?<\/h3>\n<p style=\"text-align: center;\">Per rendere il vostro volo un&#8217;esperienza indimenticabile, vi consigliamo di non aspettare prima di prenotare il vostro volo. Perch\u00e9 non dimenticate: il tempo ha un&#8217;influenza su di esso e decide se possiamo volare o meno. Attendiamo con impazienza un&#8217;esperienza di volo congiunta.<\/p>\n<h3 style=\"text-align: center;\">Tel. +39 3342662424<\/h3>\n<\/div><div class=\"fusion-aligncenter\"><a class=\"fusion-button button-flat button-xlarge button-custom fusion-button-default button-1 fusion-button-default-span fusion-button-default-type fusion-has-button-gradient\" style=\"--button_accent_color:#ffffff;--button_accent_hover_color:#ffffff;--button_border_hover_color:#ffffff;--button_gradient_top_color:#e30613;--button_gradient_bottom_color:#c90606;--button_gradient_top_color_hover:#bc0505;--button_gradient_bottom_color_hover:#bc0505;\" target=\"_self\" href=\"https:\/\/flyhirzer.com\/it\/modulo-di-prenotazione\/\"><span class=\"fusion-button-text\">Richiedi<\/span><\/a><\/div><div class=\"fusion-sep-clear\"><\/div><div class=\"fusion-separator fusion-full-width-sep\" style=\"margin-left: auto;margin-right: auto;margin-top:10px;margin-bottom:50px;width:100%;\"><\/div><div class=\"fusion-sep-clear\"><\/div><div class=\"fusion-clearfix\"><\/div><\/div><\/div><\/div><\/div><div class=\"fusion-fullwidth fullwidth-box fusion-builder-row-2 nonhundred-percent-fullwidth non-hundred-percent-height-scrolling\" style=\"--awb-background-position:left top;--awb-border-sizes-top:0px;--awb-border-sizes-bottom:0px;--awb-border-sizes-left:0px;--awb-border-sizes-right:0px;--awb-border-radius-top-left:0px;--awb-border-radius-top-right:0px;--awb-border-radius-bottom-right:0px;--awb-border-radius-bottom-left:0px;--awb-padding-top:30px;--awb-background-color:#e0081f;\" ><div class=\"fusion-builder-row fusion-row\"><div class=\"fusion-layout-column fusion_builder_column fusion-builder-column-1 fusion_builder_column_1_1 1_1 fusion-one-full fusion-column-first fusion-column-last fusion-column-no-min-height\" style=\"--awb-bg-size:cover;--awb-margin-bottom:0px;\"><div class=\"fusion-column-wrapper fusion-flex-column-wrapper-legacy\"><div class=\"fusion-text fusion-text-4\"><h2 style=\"text-align: center;\"><span style=\"color: #ffffff;\">Parapendio sull&#8217;Hirzer<\/span><\/h2>\n<\/div><div class=\"fusion-clearfix\"><\/div><\/div><\/div><\/div><\/div><div class=\"fusion-fullwidth fullwidth-box fusion-builder-row-3 nonhundred-percent-fullwidth non-hundred-percent-height-scrolling fusion-equal-height-columns\" style=\"--awb-background-position:left top;--awb-border-sizes-top:0px;--awb-border-sizes-bottom:0px;--awb-border-sizes-left:0px;--awb-border-sizes-right:0px;--awb-border-radius-top-left:0px;--awb-border-radius-top-right:0px;--awb-border-radius-bottom-right:0px;--awb-border-radius-bottom-left:0px;--awb-padding-top:20px;--awb-padding-bottom:20px;--awb-background-color:#3d352f;\" ><div class=\"fusion-builder-row fusion-row\"><div class=\"fusion-layout-column fusion_builder_column fusion-builder-column-2 fusion_builder_column_1_1 1_1 fusion-one-full fusion-column-first fusion-column-last\" style=\"--awb-bg-position:center center;--awb-bg-size:cover;--awb-margin-bottom:0px;\"><div class=\"fusion-column-wrapper fusion-flex-column-wrapper-legacy\"><div class=\"fusion-image-element fusion-image-align-center in-legacy-container\" style=\"text-align:center;--awb-caption-title-font-family:var(--h2_typography-font-family);--awb-caption-title-font-weight:var(--h2_typography-font-weight);--awb-caption-title-font-style:var(--h2_typography-font-style);--awb-caption-title-size:var(--h2_typography-font-size);--awb-caption-title-transform:var(--h2_typography-text-transform);--awb-caption-title-line-height:var(--h2_typography-line-height);--awb-caption-title-letter-spacing:var(--h2_typography-letter-spacing);\"><div class=\"imageframe-align-center\"><span class=\" fusion-imageframe imageframe-none imageframe-1 hover-type-none\" class=\"image-magnify\" class=\"image-scroll\"><img decoding=\"async\" width=\"1920\" height=\"1089\" title=\"Flugrouten_Hirzer_2025\" src=\"https:\/\/flyhirzer.com\/wp-content\/uploads\/2025\/03\/Flugrouten_Hirzer_2025.jpg\" alt class=\"img-responsive wp-image-2093\" srcset=\"https:\/\/flyhirzer.com\/wp-content\/uploads\/2025\/03\/Flugrouten_Hirzer_2025-200x113.jpg 200w, https:\/\/flyhirzer.com\/wp-content\/uploads\/2025\/03\/Flugrouten_Hirzer_2025-400x227.jpg 400w, https:\/\/flyhirzer.com\/wp-content\/uploads\/2025\/03\/Flugrouten_Hirzer_2025-600x340.jpg 600w, https:\/\/flyhirzer.com\/wp-content\/uploads\/2025\/03\/Flugrouten_Hirzer_2025-800x454.jpg 800w, https:\/\/flyhirzer.com\/wp-content\/uploads\/2025\/03\/Flugrouten_Hirzer_2025-1200x681.jpg 1200w, https:\/\/flyhirzer.com\/wp-content\/uploads\/2025\/03\/Flugrouten_Hirzer_2025.jpg 1920w\" sizes=\"(max-width: 800px) 100vw, 1200px\" \/><\/span><\/div><\/div><div class=\"fusion-clearfix\"><\/div><\/div><\/div><\/div><\/div><div class=\"fusion-fullwidth fullwidth-box fusion-builder-row-4 nonhundred-percent-fullwidth non-hundred-percent-height-scrolling fusion-equal-height-columns\" style=\"--awb-background-position:left top;--awb-border-sizes-top:0px;--awb-border-sizes-bottom:0px;--awb-border-sizes-left:0px;--awb-border-sizes-right:0px;--awb-border-radius-top-left:0px;--awb-border-radius-top-right:0px;--awb-border-radius-bottom-right:0px;--awb-border-radius-bottom-left:0px;--awb-padding-top:20px;--awb-padding-bottom:0px;--awb-background-color:#3d352f;\" ><div class=\"fusion-builder-row fusion-row\"><div class=\"fusion-layout-column fusion_builder_column fusion-builder-column-3 fusion_builder_column_1_2 1_2 fusion-one-half fusion-column-first\" style=\"--awb-bg-position:right top;--awb-bg-size:cover;width:48%; margin-right: 4%;\"><div class=\"fusion-column-wrapper fusion-flex-column-wrapper-legacy\"><style type='text\/css'>.reading-box-container-1 .element-bottomshadow:before,.reading-box-container-1 .element-bottomshadow:after{opacity:0.7;}<\/style><div class=\"fusion-reading-box-container reading-box-container-1\" style=\"--awb-title-color:#333333;--awb-margin-top:0px;--awb-margin-bottom:84px;\"><div class=\"reading-box\" style=\"background-color:#f6f6f6;border-width:1px;border-color:#f6f6f6;border-top-width:3px;border-top-color:var(--primary_color);border-style:solid;\"><a class=\"button fusion-button button-default fusion-button-default-size button-default-size button-flat fusion-desktop-button fusion-tagline-button continue fusion-desktop-button-margin continue-right\" style=\"-webkit-box-shadow:none;-moz-box-shadow:none;box-shadow:none;border-radius:2px 2px 2px 2px\" href=\"https:\/\/flyhirzer.com\/it\/flugroute-1\/\" target=\"_self\"><span>Leggi di pi\u00f9<\/span><\/a><h2>FLUGROUTE 1 - Mittelstationflug Hirzer - \u20ac 100,00 (senza funivia)<\/h2><div class=\"reading-box-additional fusion-reading-box-additional\">\n<p>Durata volo: ca. 15 minuti<br \/>\nDifferenza di altezza: 1.000 m<br \/>\nDecollo: 1.450 m di fronte alla terrazza dell\u2019albergo Prennanger<br \/>\nAtterraggio: Saltusio \u2013 albergo Torgglerhof 450 m<br \/>\nDurata totale: 1 ora complessivamente<br \/>\nPunto di ritrovo: A Saltusio Funivia Cervina \u2013 stazione a valle<br \/>\nPrezzo: \u20ac 75,00 (senza funivia)<\/p>\n<\/div><div class=\"fusion-clearfix\"><\/div><a class=\"button fusion-button button-default fusion-button-default-size button-default-size button-flat fusion-mobile-button continue-right\" style=\"-webkit-box-shadow:none;-moz-box-shadow:none;box-shadow:none;border-radius:2px 2px 2px 2px\" href=\"https:\/\/flyhirzer.com\/it\/flugroute-1\/\" target=\"_self\"><span>Leggi di pi\u00f9<\/span><\/a><\/div><\/div><div class=\"fusion-clearfix\"><\/div><\/div><\/div><div class=\"fusion-layout-column fusion_builder_column fusion-builder-column-4 fusion_builder_column_1_2 1_2 fusion-one-half fusion-column-last\" style=\"--awb-bg-size:cover;width:48%;\"><div class=\"fusion-column-wrapper fusion-flex-column-wrapper-legacy\"><style type='text\/css'>.reading-box-container-2 .element-bottomshadow:before,.reading-box-container-2 .element-bottomshadow:after{opacity:0.7;}<\/style><div class=\"fusion-reading-box-container reading-box-container-2\" style=\"--awb-title-color:#333333;--awb-margin-top:0px;--awb-margin-bottom:84px;\"><div class=\"reading-box\" style=\"background-color:#f6f6f6;border-width:1px;border-color:#f6f6f6;border-top-width:3px;border-top-color:var(--primary_color);border-style:solid;\"><a class=\"button fusion-button button-default fusion-button-default-size button-default-size button-flat fusion-desktop-button fusion-tagline-button continue fusion-desktop-button-margin continue-right\" style=\"-webkit-box-shadow:none;-moz-box-shadow:none;box-shadow:none;border-radius:2px 2px 2px 2px\" href=\"https:\/\/flyhirzer.com\/it\/flugroute-2\/\" target=\"_self\"><span>Leggi di pi\u00f9<\/span><\/a><h2>FLUGROUTE 2 - Bergstationflug Hirzer - \u20ac 130,00 (senza funivia) <\/h2><div class=\"reading-box-additional fusion-reading-box-additional\">\n<p>Durata volo: ca. 30 minuti<br \/>\nDifferenza di altezza: 1.750 m<br \/>\nDecollo: 2.200 m sopra stazione a monte 15 minuti a piedi<br \/>\nAtterraggio: 450 m vicino all\u2019albergo Torgglerhof a Saltusio<br \/>\nDurata totale: 90 minuti complessivamente<br \/>\nPunto di ritrovo: A Saltusio Funivia Cervina \u2013 stazione a valle<br \/>\nPrezzo: \u20ac 110,00 (senza funivia)<\/p>\n<\/div><div class=\"fusion-clearfix\"><\/div><a class=\"button fusion-button button-default fusion-button-default-size button-default-size button-flat fusion-mobile-button continue-right\" style=\"-webkit-box-shadow:none;-moz-box-shadow:none;box-shadow:none;border-radius:2px 2px 2px 2px\" href=\"https:\/\/flyhirzer.com\/it\/flugroute-2\/\" target=\"_self\"><span>Leggi di pi\u00f9<\/span><\/a><\/div><\/div><div class=\"fusion-clearfix\"><\/div><\/div><\/div><\/div><\/div><div class=\"fusion-fullwidth fullwidth-box fusion-builder-row-5 nonhundred-percent-fullwidth non-hundred-percent-height-scrolling fusion-equal-height-columns\" style=\"--awb-background-position:left top;--awb-border-sizes-top:0px;--awb-border-sizes-bottom:0px;--awb-border-sizes-left:0px;--awb-border-sizes-right:0px;--awb-border-radius-top-left:0px;--awb-border-radius-top-right:0px;--awb-border-radius-bottom-right:0px;--awb-border-radius-bottom-left:0px;--awb-padding-top:-20px;--awb-padding-bottom:2px;--awb-background-color:#3d352f;\" ><div class=\"fusion-builder-row fusion-row\"><div class=\"fusion-layout-column fusion_builder_column fusion-builder-column-5 fusion_builder_column_1_2 1_2 fusion-one-half fusion-column-first\" style=\"--awb-bg-position:right top;--awb-bg-size:cover;width:48%; margin-right: 4%;\"><div class=\"fusion-column-wrapper fusion-flex-column-wrapper-legacy\"><style type='text\/css'>.reading-box-container-3 .element-bottomshadow:before,.reading-box-container-3 .element-bottomshadow:after{opacity:0.7;}<\/style><div class=\"fusion-reading-box-container reading-box-container-3\" style=\"--awb-title-color:#333333;--awb-margin-top:0px;--awb-margin-bottom:84px;\"><div class=\"reading-box\" style=\"background-color:#f6f6f6;border-width:1px;border-color:#f6f6f6;border-top-width:3px;border-top-color:var(--primary_color);border-style:solid;\"><a class=\"button fusion-button button-default fusion-button-default-size button-default-size button-flat fusion-desktop-button fusion-tagline-button continue fusion-desktop-button-margin continue-right\" style=\"-webkit-box-shadow:none;-moz-box-shadow:none;box-shadow:none;border-radius:2px 2px 2px 2px\" href=\"https:\/\/flyhirzer.com\/it\/flugroute-3\/\" target=\"_self\"><span>Leggi di pi\u00f9<\/span><\/a><h2>FLUGROUTE 3 - Thermikflug Hirzer - \u20ac 160,00 (senza funivia)<\/h2><div class=\"reading-box-additional fusion-reading-box-additional\">\n<p>Durata volo: ca. 45 minuti<br \/>\nDecollo: 2.200 m sopra stazione a monte 15 minuti a piedi<br \/>\nAtterraggio: 450 m vicino all\u2019albergo Torgglerhof a Saltusio<br \/>\nDurata totale: complessivamente 2 ore<br \/>\nPunto di ritrovo: A Saltusio Funivia Cervina \u2013 stazione a valle<br \/>\nPrezzo: \u20ac 140,00 (senza funivia)<\/p>\n<\/div><div class=\"fusion-clearfix\"><\/div><a class=\"button fusion-button button-default fusion-button-default-size button-default-size button-flat fusion-mobile-button continue-right\" style=\"-webkit-box-shadow:none;-moz-box-shadow:none;box-shadow:none;border-radius:2px 2px 2px 2px\" href=\"https:\/\/flyhirzer.com\/it\/flugroute-3\/\" target=\"_self\"><span>Leggi di pi\u00f9<\/span><\/a><\/div><\/div><div class=\"fusion-clearfix\"><\/div><\/div><\/div><div class=\"fusion-layout-column fusion_builder_column fusion-builder-column-6 fusion_builder_column_1_2 1_2 fusion-one-half fusion-column-last\" style=\"--awb-bg-size:cover;width:48%;\"><div class=\"fusion-column-wrapper fusion-flex-column-wrapper-legacy\"><style type='text\/css'>.reading-box-container-4 .element-bottomshadow:before,.reading-box-container-4 .element-bottomshadow:after{opacity:0.7;}<\/style><div class=\"fusion-reading-box-container reading-box-container-4\" style=\"--awb-title-color:#333333;--awb-margin-top:0px;--awb-margin-bottom:84px;\"><div class=\"reading-box\" style=\"background-color:#f6f6f6;border-width:1px;border-color:#f6f6f6;border-top-width:3px;border-top-color:var(--primary_color);border-style:solid;\"><a class=\"button fusion-button button-default fusion-button-default-size button-default-size button-flat fusion-desktop-button fusion-tagline-button continue fusion-desktop-button-margin continue-right\" style=\"-webkit-box-shadow:none;-moz-box-shadow:none;box-shadow:none;border-radius:2px 2px 2px 2px\" href=\"https:\/\/flyhirzer.com\/it\/flugroute-4\/\" target=\"_self\"><span>Leggi di pi\u00f9<\/span><\/a><h2>FLUGROUTE 4 - Hirzer Gipfelflug - \u20ac 190,00 (senza funivia)<\/h2><div class=\"reading-box-description fusion-reading-box-additional\">Durata volo: ca. 60 minuti\nDecollo: 2.200 m sopra stazione a monte 15 minuti a piedi\nAtterraggio: 450 m vicino all\u2019albergo Torgglerhof a Saltusio\nDurata totale: 90 minuti complessivamente\nPunto di ritrovo: Funivia Taser Stazione a valle\nPrezzo: \u20ac 170,00 (senza funivia)<\/div><div class=\"fusion-clearfix\"><\/div><a class=\"button fusion-button button-default fusion-button-default-size button-default-size button-flat fusion-mobile-button continue-right\" style=\"-webkit-box-shadow:none;-moz-box-shadow:none;box-shadow:none;border-radius:2px 2px 2px 2px\" href=\"https:\/\/flyhirzer.com\/it\/flugroute-4\/\" target=\"_self\"><span>Leggi di pi\u00f9<\/span><\/a><\/div><\/div><div class=\"fusion-clearfix\"><\/div><\/div><\/div><\/div><\/div><div class=\"fusion-fullwidth fullwidth-box fusion-builder-row-6 nonhundred-percent-fullwidth non-hundred-percent-height-scrolling fusion-equal-height-columns\" style=\"--awb-background-position:left top;--awb-border-sizes-top:0px;--awb-border-sizes-bottom:0px;--awb-border-sizes-left:0px;--awb-border-sizes-right:0px;--awb-border-radius-top-left:0px;--awb-border-radius-top-right:0px;--awb-border-radius-bottom-right:0px;--awb-border-radius-bottom-left:0px;--awb-padding-top:-20px;--awb-padding-bottom:2px;--awb-background-color:#3d352f;\" ><div class=\"fusion-builder-row fusion-row\"><div class=\"fusion-layout-column fusion_builder_column fusion-builder-column-7 fusion_builder_column_1_1 1_1 fusion-one-full fusion-column-first fusion-column-last\" style=\"--awb-bg-position:right top;--awb-bg-size:cover;\"><div class=\"fusion-column-wrapper fusion-flex-column-wrapper-legacy\"><div class=\"fusion-image-element fusion-image-align-center in-legacy-container\" style=\"text-align:center;--awb-caption-title-font-family:var(--h2_typography-font-family);--awb-caption-title-font-weight:var(--h2_typography-font-weight);--awb-caption-title-font-style:var(--h2_typography-font-style);--awb-caption-title-size:var(--h2_typography-font-size);--awb-caption-title-transform:var(--h2_typography-text-transform);--awb-caption-title-line-height:var(--h2_typography-line-height);--awb-caption-title-letter-spacing:var(--h2_typography-letter-spacing);\"><div class=\"imageframe-align-center\"><span class=\" fusion-imageframe imageframe-none imageframe-2 hover-type-none\" class=\"image-magnify\" class=\"image-scroll\"><img decoding=\"async\" width=\"1300\" height=\"537\" title=\"Kamera\" src=\"https:\/\/flyhirzer.com\/wp-content\/uploads\/2018\/05\/Kamera.jpg\" alt class=\"img-responsive wp-image-1627\" srcset=\"https:\/\/flyhirzer.com\/wp-content\/uploads\/2018\/05\/Kamera-200x83.jpg 200w, https:\/\/flyhirzer.com\/wp-content\/uploads\/2018\/05\/Kamera-400x165.jpg 400w, https:\/\/flyhirzer.com\/wp-content\/uploads\/2018\/05\/Kamera-600x248.jpg 600w, https:\/\/flyhirzer.com\/wp-content\/uploads\/2018\/05\/Kamera-800x330.jpg 800w, https:\/\/flyhirzer.com\/wp-content\/uploads\/2018\/05\/Kamera-1200x496.jpg 1200w, https:\/\/flyhirzer.com\/wp-content\/uploads\/2018\/05\/Kamera.jpg 1300w\" sizes=\"(max-width: 800px) 100vw, 1200px\" \/><\/span><\/div><\/div><div class=\"fusion-sep-clear\"><\/div><div class=\"fusion-separator fusion-full-width-sep\" style=\"margin-left: auto;margin-right: auto;margin-top:10px;margin-bottom:50px;width:100%;\"><\/div><div class=\"fusion-sep-clear\"><\/div><div class=\"fusion-clearfix\"><\/div><\/div><\/div><\/div><\/div><div class=\"fusion-fullwidth fullwidth-box fusion-builder-row-7 hundred-percent-fullwidth non-hundred-percent-height-scrolling\" style=\"--awb-background-position:left top;--awb-border-sizes-top:0px;--awb-border-sizes-bottom:0px;--awb-border-sizes-left:0px;--awb-border-sizes-right:0px;--awb-border-radius-top-left:0px;--awb-border-radius-top-right:0px;--awb-border-radius-bottom-right:0px;--awb-border-radius-bottom-left:0px;--awb-padding-top:50px;--awb-padding-right:30px;--awb-padding-bottom:30px;--awb-padding-left:30px;\" ><div class=\"fusion-builder-row fusion-row\"><div class=\"fusion-layout-column fusion_builder_column fusion-builder-column-8 fusion_builder_column_1_1 1_1 fusion-one-full fusion-column-first fusion-column-last fusion-column-no-min-height\" style=\"--awb-bg-size:cover;--awb-margin-bottom:0px;\"><div class=\"fusion-column-wrapper fusion-flex-column-wrapper-legacy\"><div class=\"fusion-alert alert general alert-info fusion-alert-center alert-dismissable alert-shadow\" role=\"alert\"><div class=\"fusion-alert-content-wrapper\"><span class=\"alert-icon\"><i class=\"awb-icon-info-circle\" aria-hidden=\"true\"><\/i><\/span><span class=\"fusion-alert-content\">Da wir beim Fliegen sehr Wind- und Wetterabh\u00e4ngig sind und die Sicherheit f\u00fcr uns an erster Stelle steht, kann es bei Flugterminen zu Versp\u00e4tungen oder zu Umdisponierungen kommen. Wir bitten in solchen F\u00e4llen um Ihr Verst\u00e4ndnis.<\/span><\/div><button type=\"button\" class=\"close toggle-alert\" data-dismiss=\"alert\" aria-label=\"Close\">&times;<\/button><\/div><div class=\"fusion-clearfix\"><\/div><\/div><\/div><\/div><\/div><div class=\"fusion-fullwidth fullwidth-box fusion-builder-row-8 faded-background fusion-parallax-fixed nonhundred-percent-fullwidth non-hundred-percent-height-scrolling fusion-equal-height-columns\" style=\"--awb-background-position:right center;--awb-border-sizes-top:0px;--awb-border-sizes-bottom:0px;--awb-border-sizes-left:0px;--awb-border-sizes-right:0px;--awb-border-radius-top-left:0px;--awb-border-radius-top-right:0px;--awb-border-radius-bottom-right:0px;--awb-border-radius-bottom-left:0px;--awb-padding-top:200px;--awb-padding-right:40px;--awb-padding-bottom:200px;--awb-padding-left:40px;--awb-background-size:cover;background-attachment:fixed;\" ><div class=\"fullwidth-faded\" style=\"--awb-background-color:#3d352f;--awb-background-position:right center;--awb-background-parallax:fixed;--awb-background-image:url(https:\/\/flyhirzer.com\/wp-content\/uploads\/2017\/10\/gute-wolken-1024x768.jpg);--awb-background-size:cover;\" ><\/div><div class=\"fusion-builder-row fusion-row\"><div class=\"fusion-layout-column fusion_builder_column fusion-builder-column-9 fusion_builder_column_1_1 1_1 fusion-one-full fusion-column-first fusion-column-last\" style=\"--awb-padding-top:30px;--awb-padding-right:30px;--awb-padding-bottom:30px;--awb-padding-left:30px;--awb-bg-color:rgba(255,255,255,.7);--awb-bg-color-hover:rgba(255,255,255,.7);--awb-bg-size:cover;\"><div class=\"fusion-column-wrapper fusion-flex-column-wrapper-legacy\"><div class=\"fusion-text fusion-text-5\"><h2 style=\"text-align: center;\">Vi volete prenotare per un volo?<br \/>\nMandateci la vostra richiesta con l\u2019apposito modulo<\/h2>\n<\/div><div class=\"fusion-sep-clear\"><\/div><div class=\"fusion-separator\" style=\"margin-left: auto;margin-right: auto;margin-top:40px;width:100%;max-width:200px;\"><\/div><div class=\"fusion-sep-clear\"><\/div><div class=\"fusion-aligncenter\"><a class=\"fusion-button button-flat button-xlarge button-custom fusion-button-default button-2 fusion-button-default-span fusion-button-default-type fusion-has-button-gradient\" style=\"--button_accent_color:#ffffff;--button_accent_hover_color:#ffffff;--button_border_hover_color:#ffffff;--button_gradient_top_color:#e30613;--button_gradient_bottom_color:#c90606;--button_gradient_top_color_hover:#bc0505;--button_gradient_bottom_color_hover:#bc0505;\" target=\"_self\" href=\"https:\/\/flyhirzer.com\/it\/modulo-di-prenotazione\/\"><span class=\"fusion-button-text\">Richiedi<\/span><\/a><\/div><div class=\"fusion-sep-clear\"><\/div><div class=\"fusion-separator\" style=\"margin-left: auto;margin-right: auto;margin-top:10px;width:100%;max-width:200px;\"><\/div><div class=\"fusion-sep-clear\"><\/div><div class=\"fusion-clearfix\"><\/div><\/div><\/div><\/div><\/div><\/p>\n","protected":false},"excerpt":{"rendered":"","protected":false},"author":4,"featured_media":0,"parent":0,"menu_order":0,"comment_status":"closed","ping_status":"closed","template":"100-width.php","meta":[],"_links":{"self":[{"href":"https:\/\/flyhirzer.com\/it\/wp-json\/wp\/v2\/pages\/696"}],"collection":[{"href":"https:\/\/flyhirzer.com\/it\/wp-json\/wp\/v2\/pages"}],"about":[{"href":"https:\/\/flyhirzer.com\/it\/wp-json\/wp\/v2\/types\/page"}],"author":[{"embeddable":true,"href":"https:\/\/flyhirzer.com\/it\/wp-json\/wp\/v2\/users\/4"}],"replies":[{"embeddable":true,"href":"https:\/\/flyhirzer.com\/it\/wp-json\/wp\/v2\/comments?post=696"}],"version-history":[{"count":5,"href":"https:\/\/flyhirzer.com\/it\/wp-json\/wp\/v2\/pages\/696\/revisions"}],"predecessor-version":[{"id":2134,"href":"https:\/\/flyhirzer.com\/it\/wp-json\/wp\/v2\/pages\/696\/revisions\/2134"}],"wp:attachment":[{"href":"https:\/\/flyhirzer.com\/it\/wp-json\/wp\/v2\/media?parent=696"}],"curies":[{"name":"wp","href":"https:\/\/api.w.org\/{rel}","templated":true}]}}